{"id":6751,"date":"2025-08-07T19:57:46","date_gmt":"2025-08-07T22:57:46","guid":{"rendered":"https:\/\/www.ogun.com.br\/?page_id=6751"},"modified":"2025-08-11T15:06:07","modified_gmt":"2025-08-11T18:06:07","slug":"o-panteao-dos-orixas","status":"publish","type":"page","link":"https:\/\/www.ogun.com.br\/en\/o-panteao-dos-orixas\/","title":{"rendered":"The Pantheon of Orishas"},"content":{"rendered":"<div data-elementor-type=\"wp-page\" data-elementor-id=\"6751\" class=\"elementor elementor-6751\" data-elementor-post-type=\"page\">\n\t\t\t\t\t\t<section class=\"elementor-section elementor-top-section elementor-element elementor-element-19e49330 elementor-section-boxed elementor-section-height-default elementor-section-height-default\" data-id=\"19e49330\" data-element_type=\"section\">\n\t\t\t\t\t\t<div class=\"elementor-container elementor-column-gap-default\">\n\t\t\t\t\t<div class=\"elementor-column elementor-col-100 elementor-top-column elementor-element elementor-element-6139eaa\" data-id=\"6139eaa\" data-element_type=\"column\">\n\t\t\t<div class=\"elementor-widget-wrap\">\n\t\t\t\t\t\t\t<\/div>\n\t\t<\/div>\n\t\t\t\t\t<\/div>\n\t\t<\/section>\n\t\t\t\t<section class=\"elementor-section elementor-top-section elementor-element elementor-element-6b60ca16 elementor-section-boxed elementor-section-height-default elementor-section-height-default\" data-id=\"6b60ca16\" data-element_type=\"section\" data-settings=\"{&quot;background_background&quot;:&quot;gradient&quot;}\">\n\t\t\t\t\t\t<div class=\"elementor-container elementor-column-gap-default\">\n\t\t\t\t\t<div class=\"elementor-column elementor-col-100 elementor-top-column elementor-element elementor-element-1d310331\" data-id=\"1d310331\" data-element_type=\"column\">\n\t\t\t<div class=\"elementor-widget-wrap elementor-element-populated\">\n\t\t\t\t\t\t<div class=\"elementor-element elementor-element-7f5c6059 elementor-widget elementor-widget-heading\" data-id=\"7f5c6059\" data-element_type=\"widget\" data-widget_type=\"heading.default\">\n\t\t\t\t\t<h1 class=\"elementor-heading-title elementor-size-default\">The Pantheon of Orishas<\/h1>\t\t\t\t<\/div>\n\t\t\t\t<div class=\"elementor-element elementor-element-654fb787 elementor-widget elementor-widget-text-editor\" data-id=\"654fb787\" data-element_type=\"widget\" data-widget_type=\"text-editor.default\">\n\t\t\t\t\t\t\t\t\t<p>Explore the richness of Yoruba tradition through its Orishas. Each deity represents a force of nature and a human archetype, with unique myths, domains, and wisdom. This page is a portal to the sacred universe of the Orishas.<\/p>\t\t\t\t\t\t\t\t<\/div>\n\t\t\t\t\t<\/div>\n\t\t<\/div>\n\t\t\t\t\t<\/div>\n\t\t<\/section>\n\t\t\t\t<section class=\"elementor-section elementor-top-section elementor-element elementor-element-7839ab17 elementor-section-boxed elementor-section-height-default elementor-section-height-default\" data-id=\"7839ab17\" data-element_type=\"section\">\n\t\t\t\t\t\t<div class=\"elementor-container elementor-column-gap-default\">\n\t\t\t\t\t<div class=\"elementor-column elementor-col-100 elementor-top-column elementor-element elementor-element-618ccd48\" data-id=\"618ccd48\" data-element_type=\"column\">\n\t\t\t<div class=\"elementor-widget-wrap elementor-element-populated\">\n\t\t\t\t\t\t<div class=\"elementor-element elementor-element-1a595b80 elementor-widget elementor-widget-html\" data-id=\"1a595b80\" data-element_type=\"widget\" data-widget_type=\"html.default\">\n\t\t\t\t\t<div class='card-grid' id='cardGrid' style='display: grid; grid-template-columns: repeat(auto-fit, minmax(280px, 1fr)); gap: 25px; transition: all 0.5s ease;'><\/div>\t\t\t\t<\/div>\n\t\t\t\t\t<\/div>\n\t\t<\/div>\n\t\t\t\t\t<\/div>\n\t\t<\/section>\n\t\t\t\t<section class=\"elementor-section elementor-top-section elementor-element elementor-element-f1a45b6 elementor-section-boxed elementor-section-height-default elementor-section-height-default\" data-id=\"f1a45b6\" data-element_type=\"section\">\n\t\t\t\t\t\t<div class=\"elementor-container elementor-column-gap-default\">\n\t\t\t\t\t<div class=\"elementor-column elementor-col-100 elementor-top-column elementor-element elementor-element-51b9621b\" data-id=\"51b9621b\" data-element_type=\"column\">\n\t\t\t<div class=\"elementor-widget-wrap elementor-element-populated\">\n\t\t\t\t\t\t<div class=\"elementor-element elementor-element-3fccfae4 elementor-widget elementor-widget-html\" data-id=\"3fccfae4\" data-element_type=\"widget\" data-widget_type=\"html.default\">\n\t\t\t\t\t<style>.card { background: rgba(255, 255, 255, 0.95); border-radius: 15px; padding: 25px; box-shadow: 0 8px 25px rgba(0, 0, 0, 0.1); transition: all 0.3s ease; cursor: pointer; text-decoration: none; color: inherit; border: 2px solid transparent; position: relative; overflow: hidden; display: flex; flex-direction: column; justify-content: center; } .card::before { content: ''; position: absolute; top: 0; left: -100%; width: 100%; height: 100%; background: linear-gradient(90deg, transparent, rgba(44, 62, 80, 0.1), transparent); transition: left 0.5s ease; } .card:hover { transform: translateY(-5px); box-shadow: 0 15px 35px rgba(0, 0, 0, 0.15); border-color: #2c3e50; } .card:hover::before { left: 100%; } .card-content { text-align: center; } .card-title { font-size: 1.3rem; font-weight: bold; color: #2c3e50; margin-bottom: 8px; } .card-subtitle { font-size: 1rem; color: #666; font-style: italic; line-height: 1.4; } .fade-in { animation: fadeIn 0.5s ease-in; } @keyframes fadeIn { from { opacity: 0; transform: translateY(20px); } to { opacity: 1; transform: translateY(0); } }<\/style><script>document.addEventListener('DOMContentLoaded', function() { const cardData = [ {\"name\":\"\u00d2g\u00fan e a cria\u00e7\u00e3o do mundo\",\"subtitle\":\"\u00d2r\u00ec\u1e63\u00e0s\",\"url\":\"https:\/\/www.ogun.com.br\/orixas\/ogun-e-a-criacao-do-mundo\/\"}, {\"name\":\"\u00c8\u1e63\u00f9 \u2013 O Mensageiro e Guardi\u00e3o dos Caminhos\",\"subtitle\":\"\u00d2r\u00ec\u1e63\u00e0s\",\"url\":\"https:\/\/www.ogun.com.br\/orixas\/e%E1%B9%A3u-o-mensageiro-e-guardiao-dos-caminhos\/\"}, {\"name\":\"\u1eccya, Orix\u00e1 dos Ventos, das Tempestades e da Transforma\u00e7\u00e3o\",\"subtitle\":\"\u00d2r\u00ec\u1e63\u00e0s\",\"url\":\"https:\/\/www.ogun.com.br\/orixas\/oya-orixa-dos-ventos-das-tempestades-e-da-transformacao\/\"}, {\"name\":\"\u00d2\u1e63\u00f9m\u00e0r\u00e8, Orix\u00e1 do Arco-\u00cdris, da Renova\u00e7\u00e3o e do Movimento Cont\u00ednuo\",\"subtitle\":\"\u00d2r\u00ec\u1e63\u00e0s\",\"url\":\"https:\/\/www.ogun.com.br\/orixas\/o%E1%B9%A3umare-orixa-do-arco-iris-da-renovacao-e-do-movimento-continuo\/\"}, {\"name\":\"\u00d2\u1e63un, Orix\u00e1 das \u00c1guas Doces, do Amor, da Beleza e da Riqueza\",\"subtitle\":\"\u00d2r\u00ec\u1e63\u00e0s\",\"url\":\"https:\/\/www.ogun.com.br\/orixas\/o%E1%B9%A3un-orixa-das-aguas-doces-do-amor-da-beleza-e-da-riqueza\/\"}, {\"name\":\"\u00d2\u1e63\u00f3\u00f2s\u00ec, Orix\u00e1 da Ca\u00e7a, da Fartura e da Abund\u00e2ncia\",\"subtitle\":\"\u00d2r\u00ec\u1e63\u00e0s\",\"url\":\"https:\/\/www.ogun.com.br\/orixas\/o%E1%B9%A3oosi-orixa-da-caca-da-fartura-e-da-abundancia\/\"}, {\"name\":\"\u1ecc\u0300\u1e63\u00e0l\u00e1, Orix\u00e1 Maior, Criador do Mundo e dos Seres Humanos\",\"subtitle\":\"\u00d2r\u00ec\u1e63\u00e0s\",\"url\":\"https:\/\/www.ogun.com.br\/orixas\/o%E1%B9%A3ala-orixa-maior-criador-do-mundo-e-dos-seres-humanos\/\"}, {\"name\":\"\u00d2s\u00e1ny\u00ecn, Orix\u00e1 das Folhas, da Cura e do Conhecimento Lit\u00fargico\",\"subtitle\":\"\u00d2r\u00ec\u1e63\u00e0s\",\"url\":\"https:\/\/www.ogun.com.br\/orixas\/osanyin-orixa-das-folhas-da-cura-e-do-conhecimento-liturgico\/\"}, {\"name\":\"\u00d2g\u00fan, Orix\u00e1 do Ferro, da Guerra e da Tecnologia\",\"subtitle\":\"\u00d2r\u00ec\u1e63\u00e0s\",\"url\":\"https:\/\/www.ogun.com.br\/orixas\/ogun-orixa-do-ferro-da-guerra-e-da-tecnologia\/\"}, {\"name\":\"\u1eccbal\u00faay\u00e9, Orix\u00e1 da Terra, da Sa\u00fade e da Doen\u00e7a\",\"subtitle\":\"\u00d2r\u00ec\u1e63\u00e0s\",\"url\":\"https:\/\/www.ogun.com.br\/orixas\/obaluaye-orixa-da-terra-da-saude-e-da-doenca\/\"}, {\"name\":\"\u1eccb\u00e0, Orix\u00e1 Guerreira, do Rio e da Lealdade\",\"subtitle\":\"\u00d2r\u00ec\u1e63\u00e0s\",\"url\":\"https:\/\/www.ogun.com.br\/orixas\/oba-orixa-guerreira-do-rio-e-da-lealdade\/\"}, {\"name\":\"N\u00e0n\u00e1 Bur\u00fak\u00f9, Orix\u00e1 Primordial da Lama, da Sabedoria Ancestral e da Morte\",\"subtitle\":\"\u00d2r\u00ec\u1e63\u00e0s\",\"url\":\"https:\/\/www.ogun.com.br\/orixas\/nana-buruku-orixa-primordial-da-lama-da-sabedoria-ancestral-e-da-morte\/\"}, {\"name\":\"L\u00f3gun\u00e8de, Orix\u00e1 da Ca\u00e7a e da Pesca, Pr\u00edncipe da Floresta e dos Rios\",\"subtitle\":\"\u00d2r\u00ec\u1e63\u00e0s\",\"url\":\"https:\/\/www.ogun.com.br\/orixas\/logunede-orixa-da-caca-e-da-pesca-principe-da-floresta-e-dos-rios\/\"}, {\"name\":\"Yem\u1ecdja, Orix\u00e1 das \u00c1guas Salgadas, da Maternidade e da Prote\u00e7\u00e3o\",\"subtitle\":\"\u00d2r\u00ec\u1e63\u00e0s\",\"url\":\"https:\/\/www.ogun.com.br\/orixas\/yemoja-orixa-das-aguas-salgadas-da-maternidade-e-da-protecao\/\"}, {\"name\":\"\u1eb8w\u00e0, Orix\u00e1 da Beleza, da Vis\u00e3o e da Transforma\u00e7\u00e3o\",\"subtitle\":\"\u00d2r\u00ec\u1e63\u00e0s\",\"url\":\"https:\/\/www.ogun.com.br\/orixas\/ewa-orixa-da-beleza-da-visao-e-da-transformacao\/\"}, {\"name\":\"\u00cck\u00fa \u2013 A Morte na Tradi\u00e7\u00e3o Nag\u00f4-Yor\u00f9b\u00e1\",\"subtitle\":\"\u00d2r\u00ec\u1e63\u00e0s\",\"url\":\"https:\/\/www.ogun.com.br\/orixas\/iku-a-morte-na-tradicao-nago-yoruba\/\"}, {\"name\":\"Ori \u2013 A Ess\u00eancia e o Destino Pessoal\",\"subtitle\":\"\u00d2r\u00ec\u1e63\u00e0s\",\"url\":\"https:\/\/www.ogun.com.br\/orixas\/ori-a-essencia-e-o-destino-pessoal\/\"}, {\"name\":\"Orunmil\u00e1 \/ If\u00e1 \u2013 O \u00d2r\u00ec\u1e63\u00e0 da Sabedoria e do Destino\",\"subtitle\":\"\u00d2r\u00ec\u1e63\u00e0s\",\"url\":\"https:\/\/www.ogun.com.br\/orixas\/orunmila-ifa-o-ori%E1%B9%A3a-da-sabedoria-e-do-destino\/\"}, {\"name\":\"\u00ccbej\u00ec: A Divindade Dupla da Alegria e da Prosperidade\",\"subtitle\":\"\u00d2r\u00ec\u1e63\u00e0s\",\"url\":\"https:\/\/www.ogun.com.br\/orixas\/ibeji-a-divindade-dupla-da-alegria-e-da-prosperidade\/\"}, {\"name\":\"\u1e62\u00e0ng\u00f3: O Rei da Justi\u00e7a, do Trov\u00e3o e do Fogo\",\"subtitle\":\"\u00d2r\u00ec\u1e63\u00e0s\",\"url\":\"https:\/\/www.ogun.com.br\/orixas\/%E1%B9%A3ango-o-rei-da-justica-do-trovao-e-do-fogo\/\"} ]; const grid = document.getElementById('cardGrid' ); function createCard(item) { const card = document.createElement('a'); card.href = item.url; card.className = 'card fade-in'; card.innerHTML = `<div class='card-content'><h3 class='card-title'>${item.name}<\/h3><p class='card-subtitle'>${item.subtitle}<\/p><\/div>`; return card; } function renderGrid(data) { grid.innerHTML = ''; data.forEach(item => grid.appendChild(createCard(item))); } renderGrid(cardData); });<\/script>\t\t\t\t<\/div>\n\t\t\t\t\t<\/div>\n\t\t<\/div>\n\t\t\t\t\t<\/div>\n\t\t<\/section>\n\t\t\t\t<\/div>","protected":false},"excerpt":{"rendered":"<p>O Pante\u00e3o dos Orix\u00e1s Explore a riqueza da tradi\u00e7\u00e3o Yor\u00f9b\u00e1 atrav\u00e9s de seus Orix\u00e1s. Cada divindade representa uma for\u00e7a da natureza e um arqu\u00e9tipo humano, com mitos, dom\u00ednios e sabedorias \u00fanicas. Esta p\u00e1gina \u00e9 um portal para o universo sagrado dos Orix\u00e1s.<\/p>","protected":false},"author":1,"featured_media":0,"parent":0,"menu_order":0,"comment_status":"closed","ping_status":"closed","template":"elementor_header_footer","meta":{"footnotes":""},"class_list":["post-6751","page","type-page","status-publish","hentry"],"yoast_head":"<!-- This site is optimized with the Yoast SEO plugin v26.7 - https:\/\/yoast.com\/wordpress\/plugins\/seo\/ -->\n<title>O Pante\u00e3o dos Orix\u00e1s - Nkosi &amp; Ogun<\/title>\n<meta name=\"robots\" content=\"index, follow, max-snippet:-1, max-image-preview:large, max-video-preview:-1\" \/>\n<link rel=\"canonical\" href=\"https:\/\/www.ogun.com.br\/en\/o-panteao-dos-orixas\/\" \/>\n<meta property=\"og:locale\" content=\"en_US\" \/>\n<meta property=\"og:type\" content=\"article\" \/>\n<meta property=\"og:title\" content=\"O Pante\u00e3o dos Orix\u00e1s - Nkosi &amp; Ogun\" \/>\n<meta property=\"og:description\" content=\"O Pante\u00e3o dos Orix\u00e1s Explore a riqueza da tradi\u00e7\u00e3o Yor\u00f9b\u00e1 atrav\u00e9s de seus Orix\u00e1s. Cada divindade representa uma for\u00e7a da natureza e um arqu\u00e9tipo humano, com mitos, dom\u00ednios e sabedorias \u00fanicas. Esta p\u00e1gina \u00e9 um portal para o universo sagrado dos Orix\u00e1s.\" \/>\n<meta property=\"og:url\" content=\"https:\/\/www.ogun.com.br\/en\/o-panteao-dos-orixas\/\" \/>\n<meta property=\"og:site_name\" content=\"Nkosi &amp; Ogun\" \/>\n<meta property=\"article:publisher\" content=\"https:\/\/facebook.com\/Oryta.Egbe\" \/>\n<meta property=\"article:modified_time\" content=\"2025-08-11T18:06:07+00:00\" \/>\n<meta name=\"twitter:card\" content=\"summary_large_image\" \/>\n<meta name=\"twitter:site\" content=\"@OrytaEgbe\" \/>\n<meta name=\"twitter:label1\" content=\"Est. reading time\" \/>\n\t<meta name=\"twitter:data1\" content=\"2 minutes\" \/>\n<script type=\"application\/ld+json\" class=\"yoast-schema-graph\">{\"@context\":\"https:\/\/schema.org\",\"@graph\":[{\"@type\":\"WebPage\",\"@id\":\"https:\/\/www.ogun.com.br\/en\/o-panteao-dos-orixas\/\",\"url\":\"https:\/\/www.ogun.com.br\/en\/o-panteao-dos-orixas\/\",\"name\":\"O Pante\u00e3o dos Orix\u00e1s - Nkosi &amp; Ogun\",\"isPartOf\":{\"@id\":\"https:\/\/www.ogun.com.br\/en\/#website\"},\"datePublished\":\"2025-08-07T22:57:46+00:00\",\"dateModified\":\"2025-08-11T18:06:07+00:00\",\"breadcrumb\":{\"@id\":\"https:\/\/www.ogun.com.br\/en\/o-panteao-dos-orixas\/#breadcrumb\"},\"inLanguage\":\"en-US\",\"potentialAction\":[{\"@type\":\"ReadAction\",\"target\":[\"https:\/\/www.ogun.com.br\/en\/o-panteao-dos-orixas\/\"]}]},{\"@type\":\"BreadcrumbList\",\"@id\":\"https:\/\/www.ogun.com.br\/en\/o-panteao-dos-orixas\/#breadcrumb\",\"itemListElement\":[{\"@type\":\"ListItem\",\"position\":1,\"name\":\"In\u00edcio\",\"item\":\"https:\/\/www.ogun.com.br\/\"},{\"@type\":\"ListItem\",\"position\":2,\"name\":\"O Pante\u00e3o dos Orix\u00e1s\"}]},{\"@type\":\"WebSite\",\"@id\":\"https:\/\/www.ogun.com.br\/en\/#website\",\"url\":\"https:\/\/www.ogun.com.br\/en\/\",\"name\":\"Nkosi & Ogun\",\"description\":\"Ogun ye mo ye!!!\",\"publisher\":{\"@id\":\"https:\/\/www.ogun.com.br\/en\/#organization\"},\"potentialAction\":[{\"@type\":\"SearchAction\",\"target\":{\"@type\":\"EntryPoint\",\"urlTemplate\":\"https:\/\/www.ogun.com.br\/en\/?s={search_term_string}\"},\"query-input\":{\"@type\":\"PropertyValueSpecification\",\"valueRequired\":true,\"valueName\":\"search_term_string\"}}],\"inLanguage\":\"en-US\"},{\"@type\":\"Organization\",\"@id\":\"https:\/\/www.ogun.com.br\/en\/#organization\",\"name\":\"Nkosi & Ogun\",\"url\":\"https:\/\/www.ogun.com.br\/en\/\",\"logo\":{\"@type\":\"ImageObject\",\"inLanguage\":\"en-US\",\"@id\":\"https:\/\/www.ogun.com.br\/en\/#\/schema\/logo\/image\/\",\"url\":\"https:\/\/www.ogun.com.br\/wp-content\/uploads\/2025\/07\/Logo_Oryta.webp\",\"contentUrl\":\"https:\/\/www.ogun.com.br\/wp-content\/uploads\/2025\/07\/Logo_Oryta.webp\",\"width\":289,\"height\":150,\"caption\":\"Nkosi & Ogun\"},\"image\":{\"@id\":\"https:\/\/www.ogun.com.br\/en\/#\/schema\/logo\/image\/\"},\"sameAs\":[\"https:\/\/facebook.com\/Oryta.Egbe\",\"https:\/\/x.com\/OrytaEgbe\",\"https:\/\/instagram.com\/oryta.egbe\",\"https:\/\/pinterest.com\/oryta\/\"]}]}<\/script>\n<!-- \/ Yoast SEO plugin. -->","yoast_head_json":{"title":"O Pante\u00e3o dos Orix\u00e1s - Nkosi &amp; Ogun","robots":{"index":"index","follow":"follow","max-snippet":"max-snippet:-1","max-image-preview":"max-image-preview:large","max-video-preview":"max-video-preview:-1"},"canonical":"https:\/\/www.ogun.com.br\/en\/o-panteao-dos-orixas\/","og_locale":"en_US","og_type":"article","og_title":"O Pante\u00e3o dos Orix\u00e1s - Nkosi &amp; Ogun","og_description":"O Pante\u00e3o dos Orix\u00e1s Explore a riqueza da tradi\u00e7\u00e3o Yor\u00f9b\u00e1 atrav\u00e9s de seus Orix\u00e1s. Cada divindade representa uma for\u00e7a da natureza e um arqu\u00e9tipo humano, com mitos, dom\u00ednios e sabedorias \u00fanicas. Esta p\u00e1gina \u00e9 um portal para o universo sagrado dos Orix\u00e1s.","og_url":"https:\/\/www.ogun.com.br\/en\/o-panteao-dos-orixas\/","og_site_name":"Nkosi &amp; Ogun","article_publisher":"https:\/\/facebook.com\/Oryta.Egbe","article_modified_time":"2025-08-11T18:06:07+00:00","twitter_card":"summary_large_image","twitter_site":"@OrytaEgbe","twitter_misc":{"Est. reading time":"2 minutes"},"schema":{"@context":"https:\/\/schema.org","@graph":[{"@type":"WebPage","@id":"https:\/\/www.ogun.com.br\/en\/o-panteao-dos-orixas\/","url":"https:\/\/www.ogun.com.br\/en\/o-panteao-dos-orixas\/","name":"O Pante\u00e3o dos Orix\u00e1s - Nkosi &amp; Ogun","isPartOf":{"@id":"https:\/\/www.ogun.com.br\/en\/#website"},"datePublished":"2025-08-07T22:57:46+00:00","dateModified":"2025-08-11T18:06:07+00:00","breadcrumb":{"@id":"https:\/\/www.ogun.com.br\/en\/o-panteao-dos-orixas\/#breadcrumb"},"inLanguage":"en-US","potentialAction":[{"@type":"ReadAction","target":["https:\/\/www.ogun.com.br\/en\/o-panteao-dos-orixas\/"]}]},{"@type":"BreadcrumbList","@id":"https:\/\/www.ogun.com.br\/en\/o-panteao-dos-orixas\/#breadcrumb","itemListElement":[{"@type":"ListItem","position":1,"name":"In\u00edcio","item":"https:\/\/www.ogun.com.br\/"},{"@type":"ListItem","position":2,"name":"O Pante\u00e3o dos Orix\u00e1s"}]},{"@type":"WebSite","@id":"https:\/\/www.ogun.com.br\/en\/#website","url":"https:\/\/www.ogun.com.br\/en\/","name":"Nkosi &amp; Ogun","description":"Ogun ye mo ye!!!","publisher":{"@id":"https:\/\/www.ogun.com.br\/en\/#organization"},"potentialAction":[{"@type":"SearchAction","target":{"@type":"EntryPoint","urlTemplate":"https:\/\/www.ogun.com.br\/en\/?s={search_term_string}"},"query-input":{"@type":"PropertyValueSpecification","valueRequired":true,"valueName":"search_term_string"}}],"inLanguage":"en-US"},{"@type":"Organization","@id":"https:\/\/www.ogun.com.br\/en\/#organization","name":"Nkosi &amp; Ogun","url":"https:\/\/www.ogun.com.br\/en\/","logo":{"@type":"ImageObject","inLanguage":"en-US","@id":"https:\/\/www.ogun.com.br\/en\/#\/schema\/logo\/image\/","url":"https:\/\/www.ogun.com.br\/wp-content\/uploads\/2025\/07\/Logo_Oryta.webp","contentUrl":"https:\/\/www.ogun.com.br\/wp-content\/uploads\/2025\/07\/Logo_Oryta.webp","width":289,"height":150,"caption":"Nkosi & Ogun"},"image":{"@id":"https:\/\/www.ogun.com.br\/en\/#\/schema\/logo\/image\/"},"sameAs":["https:\/\/facebook.com\/Oryta.Egbe","https:\/\/x.com\/OrytaEgbe","https:\/\/instagram.com\/oryta.egbe","https:\/\/pinterest.com\/oryta\/"]}]}},"_links":{"self":[{"href":"https:\/\/www.ogun.com.br\/en\/wp-json\/wp\/v2\/pages\/6751","targetHints":{"allow":["GET"]}}],"collection":[{"href":"https:\/\/www.ogun.com.br\/en\/wp-json\/wp\/v2\/pages"}],"about":[{"href":"https:\/\/www.ogun.com.br\/en\/wp-json\/wp\/v2\/types\/page"}],"author":[{"embeddable":true,"href":"https:\/\/www.ogun.com.br\/en\/wp-json\/wp\/v2\/users\/1"}],"replies":[{"embeddable":true,"href":"https:\/\/www.ogun.com.br\/en\/wp-json\/wp\/v2\/comments?post=6751"}],"version-history":[{"count":10,"href":"https:\/\/www.ogun.com.br\/en\/wp-json\/wp\/v2\/pages\/6751\/revisions"}],"predecessor-version":[{"id":6789,"href":"https:\/\/www.ogun.com.br\/en\/wp-json\/wp\/v2\/pages\/6751\/revisions\/6789"}],"wp:attachment":[{"href":"https:\/\/www.ogun.com.br\/en\/wp-json\/wp\/v2\/media?parent=6751"}],"curies":[{"name":"wp","href":"https:\/\/api.w.org\/{rel}","templated":true}]}}