{"id":6894,"date":"2025-08-19T09:57:17","date_gmt":"2025-08-19T12:57:17","guid":{"rendered":"https:\/\/www.ogun.com.br\/?page_id=6894"},"modified":"2025-08-19T17:44:36","modified_gmt":"2025-08-19T20:44:36","slug":"adinkra-a-biblioteca-de-simbolos-que-guarda-a-alma-de-um-povo","status":"publish","type":"page","link":"https:\/\/www.ogun.com.br\/en\/adinkra-a-biblioteca-de-simbolos-que-guarda-a-alma-de-um-povo\/","title":{"rendered":"Adinkra: The Library of Symbols that Guards the Soul of a People"},"content":{"rendered":"<div data-elementor-type=\"wp-page\" data-elementor-id=\"6894\" class=\"elementor elementor-6894\" data-elementor-post-type=\"page\">\n\t\t\t\t\t\t<section class=\"elementor-section elementor-top-section elementor-element elementor-element-1959721c elementor-section-boxed elementor-section-height-default elementor-section-height-default\" data-id=\"1959721c\" data-element_type=\"section\">\n\t\t\t\t\t\t<div class=\"elementor-container elementor-column-gap-default\">\n\t\t\t\t\t<div class=\"elementor-column elementor-col-100 elementor-top-column elementor-element elementor-element-62e06c40\" data-id=\"62e06c40\" data-element_type=\"column\">\n\t\t\t<div class=\"elementor-widget-wrap elementor-element-populated\">\n\t\t\t\t\t\t<div class=\"elementor-element elementor-element-1445d93a elementor-widget elementor-widget-heading\" data-id=\"1445d93a\" data-element_type=\"widget\" data-widget_type=\"heading.default\">\n\t\t\t\t\t<h1 class=\"elementor-heading-title elementor-size-default\">Adinkra: The Library of Symbols that Guards the Soul of a People<\/h1>\t\t\t\t<\/div>\n\t\t\t\t<div class=\"elementor-element elementor-element-69bb1185 elementor-widget elementor-widget-text-editor\" data-id=\"69bb1185\" data-element_type=\"widget\" data-widget_type=\"text-editor.default\">\n\t\t\t\t\t\t\t\t\t<p>At the heart of the culture of the Akan people of Ghana and Ivory Coast lies a visual language of extraordinary depth: the Adinkra symbols. These are not mere ornaments; they are a complex library of concepts, proverbs, and history, a form of ideographic writing that encapsulates the philosophy of a people. Each of the more than 100 symbols is an invitation to reflection, a lesson on life, death, faith, and community.<\/p><p>The word Adinkra means &quot;farewell&quot; or &quot;farewell,&quot; and these symbols were originally printed on fabrics used in funeral ceremonies, conveying messages to those departing and those remaining. Over time, their use expanded, becoming a vibrant part of Akan identity, present in textiles, pottery, architecture, and art.<\/p><h3>Sankofa: The Heart of the Adinkra<\/h3><p>Within this vast visual lexicon, Sankofa emerges as one of the most powerful and universal concepts. It manifests itself primarily in two ways:<\/p><ul><li style=\"list-style-type: none;\"><ul><li><strong>The Mythical Bird:<\/strong> The most iconic image. The bird advances with firm feet, while its head turns gracefully back to catch an egg (the future, wisdom) on its back. It is a dynamic symbol that teaches about<br \/>\u00a0need to seek knowledge in the past to build a prosperous future<\/li><li><strong><img decoding=\"async\" class=\"alignright\" style=\"font-weight: 400;\" src=\"https:\/\/www.ogun.com.br\/wp-content\/uploads\/2025\/08\/Sankofa01.jpeg\" alt=\"P\u00e1ssaro Sankofa estilizado\" width=\"140\" height=\"140\" \/><\/strong>.<\/li><\/ul><\/li><\/ul><p>It is action informed by memory.<\/p><p>\u00a0<\/p><p>\u00a0<\/p><p>\u00a0<\/p><p><strong style=\"background-color: transparent;\">The Stylized Heart:<\/strong><\/p><p>\u00a0The second representation, an ideogram resembling a heart, conveys the same philosophy in a more abstract way. It speaks of love, respect, and a vital connection to the past as the foundation for life and identity.<strong><img decoding=\"async\" class=\"alignright\" style=\"font-weight: 400;\" src=\"https:\/\/www.ogun.com.br\/wp-content\/uploads\/2025\/08\/Sankofa02.jpeg\" alt=\"Cora\u00e7\u00e3o Sankofa estilizado\" width=\"142\" height=\"142\" \/><\/strong><\/p><p>\u00a0 \u00a0Together, these symbols teach us that the visual wisdom of the Adinkra is a form of knowledge as profound as writing, a true language of the soul that, like the Akan people themselves, crossed the Atlantic and became a beacon of identity and wisdom for the diaspora.<\/p>\t\t\t\t\t\t\t\t<\/div>\n\t\t\t\t\t<\/div>\n\t\t<\/div>\n\t\t\t\t\t<\/div>\n\t\t<\/section>\n\t\t\t\t<section class=\"elementor-section elementor-top-section elementor-element elementor-element-69f3f812 elementor-section-boxed elementor-section-height-default elementor-section-height-default\" data-id=\"69f3f812\" data-element_type=\"section\">\n\t\t\t\t\t\t<div class=\"elementor-container elementor-column-gap-default\">\n\t\t\t\t\t<div class=\"elementor-column elementor-col-100 elementor-top-column elementor-element elementor-element-7daf0d5d\" data-id=\"7daf0d5d\" data-element_type=\"column\">\n\t\t\t<div class=\"elementor-widget-wrap elementor-element-populated\">\n\t\t\t\t\t\t<div class=\"elementor-element elementor-element-1f319599 elementor-widget elementor-widget-heading\" data-id=\"1f319599\" data-element_type=\"widget\" data-widget_type=\"heading.default\">\n\t\t\t\t\t<h2 class=\"elementor-heading-title elementor-size-default\">Continue your Journey<\/h2>\t\t\t\t<\/div>\n\t\t\t\t<div class=\"elementor-element elementor-element-16ab215c elementor-widget elementor-widget-html\" data-id=\"16ab215c\" data-element_type=\"widget\" data-widget_type=\"html.default\">\n\t\t\t\t\t<style>.card-grid{display:grid;grid-template-columns:repeat(auto-fit,minmax(280px,1fr ));gap:25px;margin-top:20px}.card{background:#fff;border-radius:12px;padding:25px;box-shadow:0 6px 20px rgba(0,0,0,.08);transition:all .3s ease;cursor:pointer;text-decoration:none;color:inherit;border:1px solid #e0e0e0;display:flex;flex-direction:column;justify-content:center;text-align:center}.card:hover{transform:translateY(-5px);box-shadow:0 10px 30px rgba(0,0,0,.12);border-color:#2c3e50}.card-title{font-size:1.2rem;font-weight:700;color:#2c3e50;margin:0}.card-subtitle{font-size:.9rem;color:#777;margin-top:5px}<\/style><div class='card-grid'><a href='https:\/\/www.ogun.com.br\/en\/sankofa-na-diaspora-a-memoria-como-ferramenta-de-resistencia\/' class='card'><h3 class='card-title'>Sankofa in the Diaspora<\/h3><p class='card-subtitle'>Memory as Resistance<\/p><\/a><a href='https:\/\/www.ogun.com.br\/en\/a-encruzilhada-sankofa-de-esu-ao-ciberespaco\/' class='card'><h3 class='card-title'>The Sankofa Crossroads<\/h3><p class='card-subtitle'>From the Past to Cyberspace<\/p><\/a><a href='https:\/\/www.ogun.com.br\/en\/sankofa-a-chave-para-o-futuro-esta-escondida-no-passado\/' class='card'><h3 class='card-title'>The Sankofa Philosophy<\/h3><p class='card-subtitle'>Return to Home Page<\/p><\/a><\/div>\t\t\t\t<\/div>\n\t\t\t\t\t<\/div>\n\t\t<\/div>\n\t\t\t\t\t<\/div>\n\t\t<\/section>\n\t\t\t\t<\/div>","protected":false},"excerpt":{"rendered":"<p>Adinkra: A Biblioteca de S\u00edmbolos que Guarda a Alma de um Povo No cora\u00e7\u00e3o da cultura do povo Akan de Gana e da Costa do Marfim, existe uma linguagem visual de uma profundidade extraordin\u00e1ria: os s\u00edmbolos Adinkra. Estes n\u00e3o s\u00e3o meros ornamentos; s\u00e3o uma complexa biblioteca de conceitos, prov\u00e9rbios e hist\u00f3ria, uma forma de escrita [&hellip;]<\/p>","protected":false},"author":1,"featured_media":0,"parent":0,"menu_order":0,"comment_status":"closed","ping_status":"closed","template":"","meta":{"footnotes":""},"class_list":["post-6894","page","type-page","status-publish","hentry"],"yoast_head":"<!-- This site is optimized with the Yoast SEO plugin v26.7 - https:\/\/yoast.com\/wordpress\/plugins\/seo\/ -->\n<title>Adinkra: A Biblioteca de S\u00edmbolos que Guarda a Alma de um Povo - Nkosi &amp; Ogun<\/title>\n<meta name=\"robots\" content=\"index, follow, max-snippet:-1, max-image-preview:large, max-video-preview:-1\" \/>\n<link rel=\"canonical\" href=\"https:\/\/www.ogun.com.br\/en\/adinkra-a-biblioteca-de-simbolos-que-guarda-a-alma-de-um-povo\/\" \/>\n<meta property=\"og:locale\" content=\"en_US\" \/>\n<meta property=\"og:type\" content=\"article\" \/>\n<meta property=\"og:title\" content=\"Adinkra: A Biblioteca de S\u00edmbolos que Guarda a Alma de um Povo - Nkosi &amp; Ogun\" \/>\n<meta property=\"og:description\" content=\"Adinkra: A Biblioteca de S\u00edmbolos que Guarda a Alma de um Povo No cora\u00e7\u00e3o da cultura do povo Akan de Gana e da Costa do Marfim, existe uma linguagem visual de uma profundidade extraordin\u00e1ria: os s\u00edmbolos Adinkra. Estes n\u00e3o s\u00e3o meros ornamentos; s\u00e3o uma complexa biblioteca de conceitos, prov\u00e9rbios e hist\u00f3ria, uma forma de escrita [&hellip;]\" \/>\n<meta property=\"og:url\" content=\"https:\/\/www.ogun.com.br\/en\/adinkra-a-biblioteca-de-simbolos-que-guarda-a-alma-de-um-povo\/\" \/>\n<meta property=\"og:site_name\" content=\"Nkosi &amp; Ogun\" \/>\n<meta property=\"article:publisher\" content=\"https:\/\/facebook.com\/Oryta.Egbe\" \/>\n<meta property=\"article:modified_time\" content=\"2025-08-19T20:44:36+00:00\" \/>\n<meta property=\"og:image\" content=\"https:\/\/www.ogun.com.br\/wp-content\/uploads\/2025\/08\/Sankofa01.jpeg\" \/>\n<meta name=\"twitter:card\" content=\"summary_large_image\" \/>\n<meta name=\"twitter:site\" content=\"@OrytaEgbe\" \/>\n<meta name=\"twitter:label1\" content=\"Est. reading time\" \/>\n\t<meta name=\"twitter:data1\" content=\"2 minutes\" \/>\n<script type=\"application\/ld+json\" class=\"yoast-schema-graph\">{\"@context\":\"https:\/\/schema.org\",\"@graph\":[{\"@type\":\"WebPage\",\"@id\":\"https:\/\/www.ogun.com.br\/en\/adinkra-a-biblioteca-de-simbolos-que-guarda-a-alma-de-um-povo\/\",\"url\":\"https:\/\/www.ogun.com.br\/en\/adinkra-a-biblioteca-de-simbolos-que-guarda-a-alma-de-um-povo\/\",\"name\":\"Adinkra: A Biblioteca de S\u00edmbolos que Guarda a Alma de um Povo - Nkosi &amp; Ogun\",\"isPartOf\":{\"@id\":\"https:\/\/www.ogun.com.br\/en\/#website\"},\"primaryImageOfPage\":{\"@id\":\"https:\/\/www.ogun.com.br\/en\/adinkra-a-biblioteca-de-simbolos-que-guarda-a-alma-de-um-povo\/#primaryimage\"},\"image\":{\"@id\":\"https:\/\/www.ogun.com.br\/en\/adinkra-a-biblioteca-de-simbolos-que-guarda-a-alma-de-um-povo\/#primaryimage\"},\"thumbnailUrl\":\"https:\/\/www.ogun.com.br\/wp-content\/uploads\/2025\/08\/Sankofa01.jpeg\",\"datePublished\":\"2025-08-19T12:57:17+00:00\",\"dateModified\":\"2025-08-19T20:44:36+00:00\",\"breadcrumb\":{\"@id\":\"https:\/\/www.ogun.com.br\/en\/adinkra-a-biblioteca-de-simbolos-que-guarda-a-alma-de-um-povo\/#breadcrumb\"},\"inLanguage\":\"en-US\",\"potentialAction\":[{\"@type\":\"ReadAction\",\"target\":[\"https:\/\/www.ogun.com.br\/en\/adinkra-a-biblioteca-de-simbolos-que-guarda-a-alma-de-um-povo\/\"]}]},{\"@type\":\"ImageObject\",\"inLanguage\":\"en-US\",\"@id\":\"https:\/\/www.ogun.com.br\/en\/adinkra-a-biblioteca-de-simbolos-que-guarda-a-alma-de-um-povo\/#primaryimage\",\"url\":\"https:\/\/www.ogun.com.br\/wp-content\/uploads\/2025\/08\/Sankofa01.jpeg\",\"contentUrl\":\"https:\/\/www.ogun.com.br\/wp-content\/uploads\/2025\/08\/Sankofa01.jpeg\"},{\"@type\":\"BreadcrumbList\",\"@id\":\"https:\/\/www.ogun.com.br\/en\/adinkra-a-biblioteca-de-simbolos-que-guarda-a-alma-de-um-povo\/#breadcrumb\",\"itemListElement\":[{\"@type\":\"ListItem\",\"position\":1,\"name\":\"In\u00edcio\",\"item\":\"https:\/\/www.ogun.com.br\/\"},{\"@type\":\"ListItem\",\"position\":2,\"name\":\"Adinkra: A Biblioteca de S\u00edmbolos que Guarda a Alma de um Povo\"}]},{\"@type\":\"WebSite\",\"@id\":\"https:\/\/www.ogun.com.br\/en\/#website\",\"url\":\"https:\/\/www.ogun.com.br\/en\/\",\"name\":\"Nkosi & Ogun\",\"description\":\"Ogun ye mo ye!!!\",\"publisher\":{\"@id\":\"https:\/\/www.ogun.com.br\/en\/#organization\"},\"potentialAction\":[{\"@type\":\"SearchAction\",\"target\":{\"@type\":\"EntryPoint\",\"urlTemplate\":\"https:\/\/www.ogun.com.br\/en\/?s={search_term_string}\"},\"query-input\":{\"@type\":\"PropertyValueSpecification\",\"valueRequired\":true,\"valueName\":\"search_term_string\"}}],\"inLanguage\":\"en-US\"},{\"@type\":\"Organization\",\"@id\":\"https:\/\/www.ogun.com.br\/en\/#organization\",\"name\":\"Nkosi & Ogun\",\"url\":\"https:\/\/www.ogun.com.br\/en\/\",\"logo\":{\"@type\":\"ImageObject\",\"inLanguage\":\"en-US\",\"@id\":\"https:\/\/www.ogun.com.br\/en\/#\/schema\/logo\/image\/\",\"url\":\"https:\/\/www.ogun.com.br\/wp-content\/uploads\/2025\/07\/Logo_Oryta.webp\",\"contentUrl\":\"https:\/\/www.ogun.com.br\/wp-content\/uploads\/2025\/07\/Logo_Oryta.webp\",\"width\":289,\"height\":150,\"caption\":\"Nkosi & Ogun\"},\"image\":{\"@id\":\"https:\/\/www.ogun.com.br\/en\/#\/schema\/logo\/image\/\"},\"sameAs\":[\"https:\/\/facebook.com\/Oryta.Egbe\",\"https:\/\/x.com\/OrytaEgbe\",\"https:\/\/instagram.com\/oryta.egbe\",\"https:\/\/pinterest.com\/oryta\/\"]}]}<\/script>\n<!-- \/ Yoast SEO plugin. -->","yoast_head_json":{"title":"Adinkra: A Biblioteca de S\u00edmbolos que Guarda a Alma de um Povo - Nkosi &amp; Ogun","robots":{"index":"index","follow":"follow","max-snippet":"max-snippet:-1","max-image-preview":"max-image-preview:large","max-video-preview":"max-video-preview:-1"},"canonical":"https:\/\/www.ogun.com.br\/en\/adinkra-a-biblioteca-de-simbolos-que-guarda-a-alma-de-um-povo\/","og_locale":"en_US","og_type":"article","og_title":"Adinkra: A Biblioteca de S\u00edmbolos que Guarda a Alma de um Povo - Nkosi &amp; Ogun","og_description":"Adinkra: A Biblioteca de S\u00edmbolos que Guarda a Alma de um Povo No cora\u00e7\u00e3o da cultura do povo Akan de Gana e da Costa do Marfim, existe uma linguagem visual de uma profundidade extraordin\u00e1ria: os s\u00edmbolos Adinkra. Estes n\u00e3o s\u00e3o meros ornamentos; s\u00e3o uma complexa biblioteca de conceitos, prov\u00e9rbios e hist\u00f3ria, uma forma de escrita [&hellip;]","og_url":"https:\/\/www.ogun.com.br\/en\/adinkra-a-biblioteca-de-simbolos-que-guarda-a-alma-de-um-povo\/","og_site_name":"Nkosi &amp; Ogun","article_publisher":"https:\/\/facebook.com\/Oryta.Egbe","article_modified_time":"2025-08-19T20:44:36+00:00","og_image":[{"url":"https:\/\/www.ogun.com.br\/wp-content\/uploads\/2025\/08\/Sankofa01.jpeg","type":"","width":"","height":""}],"twitter_card":"summary_large_image","twitter_site":"@OrytaEgbe","twitter_misc":{"Est. reading time":"2 minutes"},"schema":{"@context":"https:\/\/schema.org","@graph":[{"@type":"WebPage","@id":"https:\/\/www.ogun.com.br\/en\/adinkra-a-biblioteca-de-simbolos-que-guarda-a-alma-de-um-povo\/","url":"https:\/\/www.ogun.com.br\/en\/adinkra-a-biblioteca-de-simbolos-que-guarda-a-alma-de-um-povo\/","name":"Adinkra: A Biblioteca de S\u00edmbolos que Guarda a Alma de um Povo - Nkosi &amp; Ogun","isPartOf":{"@id":"https:\/\/www.ogun.com.br\/en\/#website"},"primaryImageOfPage":{"@id":"https:\/\/www.ogun.com.br\/en\/adinkra-a-biblioteca-de-simbolos-que-guarda-a-alma-de-um-povo\/#primaryimage"},"image":{"@id":"https:\/\/www.ogun.com.br\/en\/adinkra-a-biblioteca-de-simbolos-que-guarda-a-alma-de-um-povo\/#primaryimage"},"thumbnailUrl":"https:\/\/www.ogun.com.br\/wp-content\/uploads\/2025\/08\/Sankofa01.jpeg","datePublished":"2025-08-19T12:57:17+00:00","dateModified":"2025-08-19T20:44:36+00:00","breadcrumb":{"@id":"https:\/\/www.ogun.com.br\/en\/adinkra-a-biblioteca-de-simbolos-que-guarda-a-alma-de-um-povo\/#breadcrumb"},"inLanguage":"en-US","potentialAction":[{"@type":"ReadAction","target":["https:\/\/www.ogun.com.br\/en\/adinkra-a-biblioteca-de-simbolos-que-guarda-a-alma-de-um-povo\/"]}]},{"@type":"ImageObject","inLanguage":"en-US","@id":"https:\/\/www.ogun.com.br\/en\/adinkra-a-biblioteca-de-simbolos-que-guarda-a-alma-de-um-povo\/#primaryimage","url":"https:\/\/www.ogun.com.br\/wp-content\/uploads\/2025\/08\/Sankofa01.jpeg","contentUrl":"https:\/\/www.ogun.com.br\/wp-content\/uploads\/2025\/08\/Sankofa01.jpeg"},{"@type":"BreadcrumbList","@id":"https:\/\/www.ogun.com.br\/en\/adinkra-a-biblioteca-de-simbolos-que-guarda-a-alma-de-um-povo\/#breadcrumb","itemListElement":[{"@type":"ListItem","position":1,"name":"In\u00edcio","item":"https:\/\/www.ogun.com.br\/"},{"@type":"ListItem","position":2,"name":"Adinkra: A Biblioteca de S\u00edmbolos que Guarda a Alma de um Povo"}]},{"@type":"WebSite","@id":"https:\/\/www.ogun.com.br\/en\/#website","url":"https:\/\/www.ogun.com.br\/en\/","name":"Nkosi &amp; Ogun","description":"Ogun ye mo ye!!!","publisher":{"@id":"https:\/\/www.ogun.com.br\/en\/#organization"},"potentialAction":[{"@type":"SearchAction","target":{"@type":"EntryPoint","urlTemplate":"https:\/\/www.ogun.com.br\/en\/?s={search_term_string}"},"query-input":{"@type":"PropertyValueSpecification","valueRequired":true,"valueName":"search_term_string"}}],"inLanguage":"en-US"},{"@type":"Organization","@id":"https:\/\/www.ogun.com.br\/en\/#organization","name":"Nkosi &amp; Ogun","url":"https:\/\/www.ogun.com.br\/en\/","logo":{"@type":"ImageObject","inLanguage":"en-US","@id":"https:\/\/www.ogun.com.br\/en\/#\/schema\/logo\/image\/","url":"https:\/\/www.ogun.com.br\/wp-content\/uploads\/2025\/07\/Logo_Oryta.webp","contentUrl":"https:\/\/www.ogun.com.br\/wp-content\/uploads\/2025\/07\/Logo_Oryta.webp","width":289,"height":150,"caption":"Nkosi & Ogun"},"image":{"@id":"https:\/\/www.ogun.com.br\/en\/#\/schema\/logo\/image\/"},"sameAs":["https:\/\/facebook.com\/Oryta.Egbe","https:\/\/x.com\/OrytaEgbe","https:\/\/instagram.com\/oryta.egbe","https:\/\/pinterest.com\/oryta\/"]}]}},"_links":{"self":[{"href":"https:\/\/www.ogun.com.br\/en\/wp-json\/wp\/v2\/pages\/6894","targetHints":{"allow":["GET"]}}],"collection":[{"href":"https:\/\/www.ogun.com.br\/en\/wp-json\/wp\/v2\/pages"}],"about":[{"href":"https:\/\/www.ogun.com.br\/en\/wp-json\/wp\/v2\/types\/page"}],"author":[{"embeddable":true,"href":"https:\/\/www.ogun.com.br\/en\/wp-json\/wp\/v2\/users\/1"}],"replies":[{"embeddable":true,"href":"https:\/\/www.ogun.com.br\/en\/wp-json\/wp\/v2\/comments?post=6894"}],"version-history":[{"count":10,"href":"https:\/\/www.ogun.com.br\/en\/wp-json\/wp\/v2\/pages\/6894\/revisions"}],"predecessor-version":[{"id":6998,"href":"https:\/\/www.ogun.com.br\/en\/wp-json\/wp\/v2\/pages\/6894\/revisions\/6998"}],"wp:attachment":[{"href":"https:\/\/www.ogun.com.br\/en\/wp-json\/wp\/v2\/media?parent=6894"}],"curies":[{"name":"wp","href":"https:\/\/api.w.org\/{rel}","templated":true}]}}