{"id":6902,"date":"2025-08-19T09:59:00","date_gmt":"2025-08-19T12:59:00","guid":{"rendered":"https:\/\/www.ogun.com.br\/?page_id=6902"},"modified":"2025-08-21T11:26:14","modified_gmt":"2025-08-21T14:26:14","slug":"sankofa-na-diaspora-a-memoria-como-ferramenta-de-resistencia","status":"publish","type":"page","link":"https:\/\/www.ogun.com.br\/en\/sankofa-na-diaspora-a-memoria-como-ferramenta-de-resistencia\/","title":{"rendered":"Sankofa in the Diaspora: Memory as a Tool of Resistance"},"content":{"rendered":"<div data-elementor-type=\"wp-page\" data-elementor-id=\"6902\" class=\"elementor elementor-6902\" data-elementor-post-type=\"page\">\n\t\t\t\t\t\t<section class=\"elementor-section elementor-top-section elementor-element elementor-element-6c387f5d elementor-section-boxed elementor-section-height-default elementor-section-height-default\" data-id=\"6c387f5d\" data-element_type=\"section\">\n\t\t\t\t\t\t<div class=\"elementor-container elementor-column-gap-default\">\n\t\t\t\t\t<div class=\"elementor-column elementor-col-100 elementor-top-column elementor-element elementor-element-30da463f\" data-id=\"30da463f\" data-element_type=\"column\">\n\t\t\t<div class=\"elementor-widget-wrap elementor-element-populated\">\n\t\t\t\t\t\t<div class=\"elementor-element elementor-element-6eef9e0 elementor-widget elementor-widget-heading\" data-id=\"6eef9e0\" data-element_type=\"widget\" data-widget_type=\"heading.default\">\n\t\t\t\t\t<h1 class=\"elementor-heading-title elementor-size-default\">Sankofa in the Diaspora: Memory as a Tool of Resistance<\/h1>\t\t\t\t<\/div>\n\t\t\t\t<div class=\"elementor-element elementor-element-3465d41a elementor-widget elementor-widget-text-editor\" data-id=\"3465d41a\" data-element_type=\"widget\" data-widget_type=\"text-editor.default\">\n\t\t\t\t\t\t\t\t\t<p>For the millions of Africans uprooted from their lands during transatlantic slavery, memory was often the only possession they had left. In this brutal context, the Sankofa principle ceased to be an abstract philosophy and became a tool of survival and a weapon of cultural resistance.<\/p><p>In Brazil, the Caribbean, and the Americas, preserving the rituals, songs, cuisine, and stories of the Orix\u00e1s, Nkisis, and Voduns was a deliberate and courageous act of &quot;returning to seek.&quot; Candombl\u00e9, Santer\u00eda, and Voodoo are not just religions; they are Sankofa ecosystems. They are living proof that it is possible to rebuild a world from memories that refuse to die, ensuring that the &quot;egg&quot; of ancestral wisdom is not lost or crushed.<\/p><p>Today, the Sankofa symbol is used by Black identity movements around the world as a powerful reminder that knowing one&#039;s history is the first step toward liberation. It teaches us that, for a people whose history has been systematically attacked, the act of remembering is not nostalgia; it is a political act. It is power.<\/p>\t\t\t\t\t\t\t\t<\/div>\n\t\t\t\t\t<\/div>\n\t\t<\/div>\n\t\t\t\t\t<\/div>\n\t\t<\/section>\n\t\t\t\t<section class=\"elementor-section elementor-top-section elementor-element elementor-element-8d94efe elementor-section-boxed elementor-section-height-default elementor-section-height-default\" data-id=\"8d94efe\" data-element_type=\"section\">\n\t\t\t\t\t\t<div class=\"elementor-container elementor-column-gap-default\">\n\t\t\t\t\t<div class=\"elementor-column elementor-col-100 elementor-top-column elementor-element elementor-element-4e6dde2a\" data-id=\"4e6dde2a\" data-element_type=\"column\">\n\t\t\t<div class=\"elementor-widget-wrap elementor-element-populated\">\n\t\t\t\t\t\t<div class=\"elementor-element elementor-element-5667c347 elementor-widget elementor-widget-heading\" data-id=\"5667c347\" data-element_type=\"widget\" data-widget_type=\"heading.default\">\n\t\t\t\t\t<h2 class=\"elementor-heading-title elementor-size-default\">Continue your Journey<\/h2>\t\t\t\t<\/div>\n\t\t\t\t<div class=\"elementor-element elementor-element-5969c215 elementor-widget elementor-widget-html\" data-id=\"5969c215\" data-element_type=\"widget\" data-widget_type=\"html.default\">\n\t\t\t\t\t<style>.card-grid{display:grid;grid-template-columns:repeat(auto-fit,minmax(280px,1fr ));gap:25px;margin-top:20px}.card{background:#fff;border-radius:12px;padding:25px;box-shadow:0 6px 20px rgba(0,0,0,.08);transition:all .3s ease;cursor:pointer;text-decoration:none;color:inherit;border:1px solid #e0e0e0;display:flex;flex-direction:column;justify-content:center;text-align:center}.card:hover{transform:translateY(-5px);box-shadow:0 10px 30px rgba(0,0,0,.12);border-color:#2c3e50}.card-title{font-size:1.2rem;font-weight:700;color:#2c3e50;margin:0}.card-subtitle{font-size:.9rem;color:#777;margin-top:5px}<\/style><div class='card-grid'><a href='https:\/\/www.ogun.com.br\/en\/adinkra-a-biblioteca-de-simbolos-que-guarda-a-alma-de-um-povo\/' class='card'><h3 class='card-title'>Adinkra<\/h3><p class='card-subtitle'>The Language of Symbols<\/p><\/a><a href='https:\/\/www.ogun.com.br\/en\/a-encruzilhada-sankofa-de-esu-ao-ciberespaco\/' class='card'><h3 class='card-title'>The Sankofa Crossroads<\/h3><p class='card-subtitle'>From the Past to Cyberspace<\/p><\/a><a href='https:\/\/www.ogun.com.br\/en\/sankofa-a-chave-para-o-futuro-esta-escondida-no-passado\/' class='card'><h3 class='card-title'>The Sankofa Philosophy<\/h3><p class='card-subtitle'>Return to Home Page<\/p><\/a><\/div>\t\t\t\t<\/div>\n\t\t\t\t\t<\/div>\n\t\t<\/div>\n\t\t\t\t\t<\/div>\n\t\t<\/section>\n\t\t\t\t<\/div>","protected":false},"excerpt":{"rendered":"<p>Sankofa na Di\u00e1spora: A Mem\u00f3ria como Ferramenta de Resist\u00eancia Para os milh\u00f5es de africanos arrancados de suas terras durante a escravid\u00e3o transatl\u00e2ntica, a mem\u00f3ria era, muitas vezes, a \u00fanica posse que restava. Neste contexto brutal, o princ\u00edpio Sankofa deixou de ser uma filosofia abstrata para se tornar uma ferramenta de sobreviv\u00eancia e uma arma de [&hellip;]<\/p>","protected":false},"author":1,"featured_media":0,"parent":0,"menu_order":0,"comment_status":"closed","ping_status":"closed","template":"","meta":{"footnotes":""},"class_list":["post-6902","page","type-page","status-publish","hentry"],"yoast_head":"<!-- This site is optimized with the Yoast SEO plugin v26.7 - https:\/\/yoast.com\/wordpress\/plugins\/seo\/ -->\n<title>Sankofa na Di\u00e1spora: A Mem\u00f3ria como Ferramenta de Resist\u00eancia - Nkosi &amp; Ogun<\/title>\n<meta name=\"robots\" content=\"index, follow, max-snippet:-1, max-image-preview:large, max-video-preview:-1\" \/>\n<link rel=\"canonical\" href=\"https:\/\/www.ogun.com.br\/en\/sankofa-na-diaspora-a-memoria-como-ferramenta-de-resistencia\/\" \/>\n<meta property=\"og:locale\" content=\"en_US\" \/>\n<meta property=\"og:type\" content=\"article\" \/>\n<meta property=\"og:title\" content=\"Sankofa na Di\u00e1spora: A Mem\u00f3ria como Ferramenta de Resist\u00eancia - Nkosi &amp; Ogun\" \/>\n<meta property=\"og:description\" content=\"Sankofa na Di\u00e1spora: A Mem\u00f3ria como Ferramenta de Resist\u00eancia Para os milh\u00f5es de africanos arrancados de suas terras durante a escravid\u00e3o transatl\u00e2ntica, a mem\u00f3ria era, muitas vezes, a \u00fanica posse que restava. Neste contexto brutal, o princ\u00edpio Sankofa deixou de ser uma filosofia abstrata para se tornar uma ferramenta de sobreviv\u00eancia e uma arma de [&hellip;]\" \/>\n<meta property=\"og:url\" content=\"https:\/\/www.ogun.com.br\/en\/sankofa-na-diaspora-a-memoria-como-ferramenta-de-resistencia\/\" \/>\n<meta property=\"og:site_name\" content=\"Nkosi &amp; Ogun\" \/>\n<meta property=\"article:publisher\" content=\"https:\/\/facebook.com\/Oryta.Egbe\" \/>\n<meta property=\"article:modified_time\" content=\"2025-08-21T14:26:14+00:00\" \/>\n<meta name=\"twitter:card\" content=\"summary_large_image\" \/>\n<meta name=\"twitter:site\" content=\"@OrytaEgbe\" \/>\n<meta name=\"twitter:label1\" content=\"Est. reading time\" \/>\n\t<meta name=\"twitter:data1\" content=\"1 minute\" \/>\n<script type=\"application\/ld+json\" class=\"yoast-schema-graph\">{\"@context\":\"https:\/\/schema.org\",\"@graph\":[{\"@type\":\"WebPage\",\"@id\":\"https:\/\/www.ogun.com.br\/en\/sankofa-na-diaspora-a-memoria-como-ferramenta-de-resistencia\/\",\"url\":\"https:\/\/www.ogun.com.br\/en\/sankofa-na-diaspora-a-memoria-como-ferramenta-de-resistencia\/\",\"name\":\"Sankofa na Di\u00e1spora: A Mem\u00f3ria como Ferramenta de Resist\u00eancia - Nkosi &amp; Ogun\",\"isPartOf\":{\"@id\":\"https:\/\/www.ogun.com.br\/en\/#website\"},\"datePublished\":\"2025-08-19T12:59:00+00:00\",\"dateModified\":\"2025-08-21T14:26:14+00:00\",\"breadcrumb\":{\"@id\":\"https:\/\/www.ogun.com.br\/en\/sankofa-na-diaspora-a-memoria-como-ferramenta-de-resistencia\/#breadcrumb\"},\"inLanguage\":\"en-US\",\"potentialAction\":[{\"@type\":\"ReadAction\",\"target\":[\"https:\/\/www.ogun.com.br\/en\/sankofa-na-diaspora-a-memoria-como-ferramenta-de-resistencia\/\"]}]},{\"@type\":\"BreadcrumbList\",\"@id\":\"https:\/\/www.ogun.com.br\/en\/sankofa-na-diaspora-a-memoria-como-ferramenta-de-resistencia\/#breadcrumb\",\"itemListElement\":[{\"@type\":\"ListItem\",\"position\":1,\"name\":\"In\u00edcio\",\"item\":\"https:\/\/www.ogun.com.br\/\"},{\"@type\":\"ListItem\",\"position\":2,\"name\":\"Sankofa na Di\u00e1spora: A Mem\u00f3ria como Ferramenta de Resist\u00eancia\"}]},{\"@type\":\"WebSite\",\"@id\":\"https:\/\/www.ogun.com.br\/en\/#website\",\"url\":\"https:\/\/www.ogun.com.br\/en\/\",\"name\":\"Nkosi & Ogun\",\"description\":\"Ogun ye mo ye!!!\",\"publisher\":{\"@id\":\"https:\/\/www.ogun.com.br\/en\/#organization\"},\"potentialAction\":[{\"@type\":\"SearchAction\",\"target\":{\"@type\":\"EntryPoint\",\"urlTemplate\":\"https:\/\/www.ogun.com.br\/en\/?s={search_term_string}\"},\"query-input\":{\"@type\":\"PropertyValueSpecification\",\"valueRequired\":true,\"valueName\":\"search_term_string\"}}],\"inLanguage\":\"en-US\"},{\"@type\":\"Organization\",\"@id\":\"https:\/\/www.ogun.com.br\/en\/#organization\",\"name\":\"Nkosi & Ogun\",\"url\":\"https:\/\/www.ogun.com.br\/en\/\",\"logo\":{\"@type\":\"ImageObject\",\"inLanguage\":\"en-US\",\"@id\":\"https:\/\/www.ogun.com.br\/en\/#\/schema\/logo\/image\/\",\"url\":\"https:\/\/www.ogun.com.br\/wp-content\/uploads\/2025\/07\/Logo_Oryta.webp\",\"contentUrl\":\"https:\/\/www.ogun.com.br\/wp-content\/uploads\/2025\/07\/Logo_Oryta.webp\",\"width\":289,\"height\":150,\"caption\":\"Nkosi & Ogun\"},\"image\":{\"@id\":\"https:\/\/www.ogun.com.br\/en\/#\/schema\/logo\/image\/\"},\"sameAs\":[\"https:\/\/facebook.com\/Oryta.Egbe\",\"https:\/\/x.com\/OrytaEgbe\",\"https:\/\/instagram.com\/oryta.egbe\",\"https:\/\/pinterest.com\/oryta\/\"]}]}<\/script>\n<!-- \/ Yoast SEO plugin. -->","yoast_head_json":{"title":"Sankofa na Di\u00e1spora: A Mem\u00f3ria como Ferramenta de Resist\u00eancia - Nkosi &amp; Ogun","robots":{"index":"index","follow":"follow","max-snippet":"max-snippet:-1","max-image-preview":"max-image-preview:large","max-video-preview":"max-video-preview:-1"},"canonical":"https:\/\/www.ogun.com.br\/en\/sankofa-na-diaspora-a-memoria-como-ferramenta-de-resistencia\/","og_locale":"en_US","og_type":"article","og_title":"Sankofa na Di\u00e1spora: A Mem\u00f3ria como Ferramenta de Resist\u00eancia - Nkosi &amp; Ogun","og_description":"Sankofa na Di\u00e1spora: A Mem\u00f3ria como Ferramenta de Resist\u00eancia Para os milh\u00f5es de africanos arrancados de suas terras durante a escravid\u00e3o transatl\u00e2ntica, a mem\u00f3ria era, muitas vezes, a \u00fanica posse que restava. Neste contexto brutal, o princ\u00edpio Sankofa deixou de ser uma filosofia abstrata para se tornar uma ferramenta de sobreviv\u00eancia e uma arma de [&hellip;]","og_url":"https:\/\/www.ogun.com.br\/en\/sankofa-na-diaspora-a-memoria-como-ferramenta-de-resistencia\/","og_site_name":"Nkosi &amp; Ogun","article_publisher":"https:\/\/facebook.com\/Oryta.Egbe","article_modified_time":"2025-08-21T14:26:14+00:00","twitter_card":"summary_large_image","twitter_site":"@OrytaEgbe","twitter_misc":{"Est. reading time":"1 minute"},"schema":{"@context":"https:\/\/schema.org","@graph":[{"@type":"WebPage","@id":"https:\/\/www.ogun.com.br\/en\/sankofa-na-diaspora-a-memoria-como-ferramenta-de-resistencia\/","url":"https:\/\/www.ogun.com.br\/en\/sankofa-na-diaspora-a-memoria-como-ferramenta-de-resistencia\/","name":"Sankofa na Di\u00e1spora: A Mem\u00f3ria como Ferramenta de Resist\u00eancia - Nkosi &amp; Ogun","isPartOf":{"@id":"https:\/\/www.ogun.com.br\/en\/#website"},"datePublished":"2025-08-19T12:59:00+00:00","dateModified":"2025-08-21T14:26:14+00:00","breadcrumb":{"@id":"https:\/\/www.ogun.com.br\/en\/sankofa-na-diaspora-a-memoria-como-ferramenta-de-resistencia\/#breadcrumb"},"inLanguage":"en-US","potentialAction":[{"@type":"ReadAction","target":["https:\/\/www.ogun.com.br\/en\/sankofa-na-diaspora-a-memoria-como-ferramenta-de-resistencia\/"]}]},{"@type":"BreadcrumbList","@id":"https:\/\/www.ogun.com.br\/en\/sankofa-na-diaspora-a-memoria-como-ferramenta-de-resistencia\/#breadcrumb","itemListElement":[{"@type":"ListItem","position":1,"name":"In\u00edcio","item":"https:\/\/www.ogun.com.br\/"},{"@type":"ListItem","position":2,"name":"Sankofa na Di\u00e1spora: A Mem\u00f3ria como Ferramenta de Resist\u00eancia"}]},{"@type":"WebSite","@id":"https:\/\/www.ogun.com.br\/en\/#website","url":"https:\/\/www.ogun.com.br\/en\/","name":"Nkosi &amp; Ogun","description":"Ogun ye mo ye!!!","publisher":{"@id":"https:\/\/www.ogun.com.br\/en\/#organization"},"potentialAction":[{"@type":"SearchAction","target":{"@type":"EntryPoint","urlTemplate":"https:\/\/www.ogun.com.br\/en\/?s={search_term_string}"},"query-input":{"@type":"PropertyValueSpecification","valueRequired":true,"valueName":"search_term_string"}}],"inLanguage":"en-US"},{"@type":"Organization","@id":"https:\/\/www.ogun.com.br\/en\/#organization","name":"Nkosi &amp; Ogun","url":"https:\/\/www.ogun.com.br\/en\/","logo":{"@type":"ImageObject","inLanguage":"en-US","@id":"https:\/\/www.ogun.com.br\/en\/#\/schema\/logo\/image\/","url":"https:\/\/www.ogun.com.br\/wp-content\/uploads\/2025\/07\/Logo_Oryta.webp","contentUrl":"https:\/\/www.ogun.com.br\/wp-content\/uploads\/2025\/07\/Logo_Oryta.webp","width":289,"height":150,"caption":"Nkosi & Ogun"},"image":{"@id":"https:\/\/www.ogun.com.br\/en\/#\/schema\/logo\/image\/"},"sameAs":["https:\/\/facebook.com\/Oryta.Egbe","https:\/\/x.com\/OrytaEgbe","https:\/\/instagram.com\/oryta.egbe","https:\/\/pinterest.com\/oryta\/"]}]}},"_links":{"self":[{"href":"https:\/\/www.ogun.com.br\/en\/wp-json\/wp\/v2\/pages\/6902","targetHints":{"allow":["GET"]}}],"collection":[{"href":"https:\/\/www.ogun.com.br\/en\/wp-json\/wp\/v2\/pages"}],"about":[{"href":"https:\/\/www.ogun.com.br\/en\/wp-json\/wp\/v2\/types\/page"}],"author":[{"embeddable":true,"href":"https:\/\/www.ogun.com.br\/en\/wp-json\/wp\/v2\/users\/1"}],"replies":[{"embeddable":true,"href":"https:\/\/www.ogun.com.br\/en\/wp-json\/wp\/v2\/comments?post=6902"}],"version-history":[{"count":13,"href":"https:\/\/www.ogun.com.br\/en\/wp-json\/wp\/v2\/pages\/6902\/revisions"}],"predecessor-version":[{"id":7012,"href":"https:\/\/www.ogun.com.br\/en\/wp-json\/wp\/v2\/pages\/6902\/revisions\/7012"}],"wp:attachment":[{"href":"https:\/\/www.ogun.com.br\/en\/wp-json\/wp\/v2\/media?parent=6902"}],"curies":[{"name":"wp","href":"https:\/\/api.w.org\/{rel}","templated":true}]}}