{"id":6925,"date":"2025-08-19T10:30:49","date_gmt":"2025-08-19T13:30:49","guid":{"rendered":"https:\/\/www.ogun.com.br\/?page_id=6925"},"modified":"2025-08-19T10:31:08","modified_gmt":"2025-08-19T13:31:08","slug":"os-sistemas-divinatorios-das-tradicoes-de-matriz-africana","status":"publish","type":"page","link":"https:\/\/www.ogun.com.br\/en\/os-sistemas-divinatorios-das-tradicoes-de-matriz-africana\/","title":{"rendered":"The Divination Systems of African Matrix Traditions"},"content":{"rendered":"<div data-elementor-type=\"wp-page\" data-elementor-id=\"6925\" class=\"elementor elementor-6925\" data-elementor-post-type=\"page\">\n\t\t\t\t\t\t<section class=\"elementor-section elementor-top-section elementor-element elementor-element-47d26bac elementor-section-boxed elementor-section-height-default elementor-section-height-default\" data-id=\"47d26bac\" data-element_type=\"section\">\n\t\t\t\t\t\t<div class=\"elementor-container elementor-column-gap-default\">\n\t\t\t\t\t<div class=\"elementor-column elementor-col-100 elementor-top-column elementor-element elementor-element-6119119e\" data-id=\"6119119e\" data-element_type=\"column\">\n\t\t\t<div class=\"elementor-widget-wrap elementor-element-populated\">\n\t\t\t\t\t\t<div class=\"elementor-element elementor-element-5665f403 elementor-widget elementor-widget-heading\" data-id=\"5665f403\" data-element_type=\"widget\" data-widget_type=\"heading.default\">\n\t\t\t\t\t<h1 class=\"elementor-heading-title elementor-size-default\">The Divination Systems of African Matrix Traditions<\/h1>\t\t\t\t<\/div>\n\t\t\t\t<div class=\"elementor-element elementor-element-5116b864 elementor-widget elementor-widget-text-editor\" data-id=\"5116b864\" data-element_type=\"widget\" data-widget_type=\"text-editor.default\">\n\t\t\t\t\t\t\t\t\t<p>Divination mechanisms constitute one of the most important and complex dimensions of African-based religious traditions. These oracular systems serve as a bridge between the material and spiritual worlds, offering guidance, diagnosis, and ritual prescriptions to those consulted.<\/p><h3>Fundamentals of African Divination<\/h3><p>Divination in African traditions is based on the understanding that the universe is governed by spiritual forces that manifest themselves through patterns and symbols. Divination systems function as coded languages that allow the interpretation of these manifestations.<\/p><h3>Main Divination Systems<\/h3><p>In the Brazilian context, five main systems stand out:<\/p><ul><li><strong>Obi (Kola Nut Game):<\/strong> Simple system with four pieces of kola nut.<\/li><li><strong>Four Cowries:<\/strong> Basic system with four cowries for direct queries.<\/li><li><strong>Interpretation of B\u00fazios:<\/strong> Fundamentals of reading open and closed cowrie shells.<\/li><li><strong>Eerindilogun:<\/strong> Complex system with sixteen cowries.<\/li><li><strong>Ifa:<\/strong> More elaborate system with 256 possible Od\u00f9.<\/li><\/ul><h3>Systems Hierarchy<\/h3><p>Divination systems follow a hierarchy of complexity and authority. From simplest to most complex, we have the Obi for basic consultations, followed by cowrie shell systems that increase in sophistication until reaching If\u00e1, considered the supreme system of divination.<\/p><h3>Cultural and Spiritual Importance<\/h3><p>These systems represent more than simple divination methods. They constitute repositories of ancestral wisdom, preserving knowledge about traditional medicine, ethics, philosophy, and the social organization of African communities.<\/p>\t\t\t\t\t\t\t\t<\/div>\n\t\t\t\t\t<\/div>\n\t\t<\/div>\n\t\t\t\t\t<\/div>\n\t\t<\/section>\n\t\t\t\t<section class=\"elementor-section elementor-top-section elementor-element elementor-element-2377d3c9 elementor-section-boxed elementor-section-height-default elementor-section-height-default\" data-id=\"2377d3c9\" data-element_type=\"section\">\n\t\t\t\t\t\t<div class=\"elementor-container elementor-column-gap-default\">\n\t\t\t\t\t<div class=\"elementor-column elementor-col-100 elementor-top-column elementor-element elementor-element-250530bf\" data-id=\"250530bf\" data-element_type=\"column\">\n\t\t\t<div class=\"elementor-widget-wrap elementor-element-populated\">\n\t\t\t\t\t\t<div class=\"elementor-element elementor-element-4c0d6cd elementor-widget elementor-widget-heading\" data-id=\"4c0d6cd\" data-element_type=\"widget\" data-widget_type=\"heading.default\">\n\t\t\t\t\t<h2 class=\"elementor-heading-title elementor-size-default\">Explore the Top Oracles<\/h2>\t\t\t\t<\/div>\n\t\t\t\t<div class=\"elementor-element elementor-element-39e8391d elementor-widget elementor-widget-html\" data-id=\"39e8391d\" data-element_type=\"widget\" data-widget_type=\"html.default\">\n\t\t\t\t\t<div class='card-grid' id='cardGrid' style='display: grid; grid-template-columns: repeat(auto-fit, minmax(280px, 1fr)); gap: 25px; margin-top: 20px;'><\/div>\t\t\t\t<\/div>\n\t\t\t\t\t<\/div>\n\t\t<\/div>\n\t\t\t\t\t<\/div>\n\t\t<\/section>\n\t\t\t\t<section class=\"elementor-section elementor-top-section elementor-element elementor-element-45245bf7 elementor-section-boxed elementor-section-height-default elementor-section-height-default\" data-id=\"45245bf7\" data-element_type=\"section\">\n\t\t\t\t\t\t<div class=\"elementor-container elementor-column-gap-default\">\n\t\t\t\t\t<div class=\"elementor-column elementor-col-100 elementor-top-column elementor-element elementor-element-7bfc0d0c\" data-id=\"7bfc0d0c\" data-element_type=\"column\">\n\t\t\t<div class=\"elementor-widget-wrap elementor-element-populated\">\n\t\t\t\t\t\t<div class=\"elementor-element elementor-element-402829d elementor-widget elementor-widget-html\" data-id=\"402829d\" data-element_type=\"widget\" data-widget_type=\"html.default\">\n\t\t\t\t\t<style>.card { background: rgba(255, 255, 255, 0.95); border-radius: 15px; padding: 25px; box-shadow: 0 8px 25px rgba(0, 0, 0, 0.1); transition: all 0.3s ease; cursor: pointer; text-decoration: none; color: inherit; border: 2px solid transparent; position: relative; overflow: hidden; display: flex; flex-direction: column; justify-content: center; } .card:hover { transform: translateY(-5px); box-shadow: 0 15px 35px rgba(0, 0, 0, 0.15); border-color: #2c3e50; } .card-content { text-align: center; } .card-title { font-size: 1.3rem; font-weight: bold; color: #2c3e50; margin-bottom: 8px; } .card-subtitle { font-size: 1rem; color: #666; font-style: italic; line-height: 1.4; }<\/style><script>document.addEventListener('DOMContentLoaded', function() { const cardData = [ {\"name\":\"Obi\",\"subtitle\":\"O Jogo da Noz de Cola\",\"url\":\"https:\/\/www.ogun.com.br\/mecanismos-divinatorios\/oraculos-menores\/obi-o-jogo-da-noz-de-cola\/\"}, {\"name\":\"Quatro B\u00fazios\",\"subtitle\":\"Sistema B\u00e1sico\",\"url\":\"https:\/\/www.ogun.com.br\/mecanismos-divinatorios\/oraculos-menores\/quatro-buzios-sistema-basico\/\"}, {\"name\":\"Eerindilogun\",\"subtitle\":\"O Jogo de 16 B\u00fazios\",\"url\":\"https:\/\/www.ogun.com.br\/mecanismos-divinatorios\/eerindilogun\/eerindilogun-o-sistema-completo-dos-16-buzios-2\/\"}, {\"name\":\"If\u00e1 \/ Od\u00f9 M\u00e8j\u00ec\",\"subtitle\":\"O Sistema Supremo\",\"url\":\"https:\/\/www.ogun.com.br\/mecanismos-divinatorios\/odu-meji\/odu-meji-o-mapa-daexistencia-nos-16-signos-sagrados-de-ifa\/\"} ]; const grid = document.getElementById('cardGrid' ); function createCard(item) { const card = document.createElement('a'); card.href = item.url; card.className = 'card'; card.innerHTML = `<div class='card-content'><h3 class='card-title'>${item.name}<\/h3><p class='card-subtitle'>${item.subtitle}<\/p><\/div>`; return card; } function renderGrid(data) { grid.innerHTML = ''; data.forEach(item => grid.appendChild(createCard(item))); } renderGrid(cardData); });<\/script>\t\t\t\t<\/div>\n\t\t\t\t\t<\/div>\n\t\t<\/div>\n\t\t\t\t\t<\/div>\n\t\t<\/section>\n\t\t\t\t<\/div>","protected":false},"excerpt":{"rendered":"<p>Os Sistemas Divinat\u00f3rios das Tradi\u00e7\u00f5es de Matriz Africana Os mecanismos divinat\u00f3rios constituem uma das dimens\u00f5es mais importantes e complexas das tradi\u00e7\u00f5es religiosas de matriz africana. Estes sistemas oraculares servem como ponte entre o mundo material e o espiritual, oferecendo orienta\u00e7\u00e3o, diagn\u00f3stico e prescri\u00e7\u00f5es rituais para os consulentes. Fundamentos da Divina\u00e7\u00e3o Africana A divina\u00e7\u00e3o nas tradi\u00e7\u00f5es [&hellip;]<\/p>","protected":false},"author":1,"featured_media":0,"parent":0,"menu_order":0,"comment_status":"closed","ping_status":"closed","template":"","meta":{"footnotes":""},"class_list":["post-6925","page","type-page","status-publish","hentry"],"yoast_head":"<!-- This site is optimized with the Yoast SEO plugin v26.7 - https:\/\/yoast.com\/wordpress\/plugins\/seo\/ -->\n<title>Os Sistemas Divinat\u00f3rios das Tradi\u00e7\u00f5es de Matriz Africana - Nkosi &amp; Ogun<\/title>\n<meta name=\"robots\" content=\"index, follow, max-snippet:-1, max-image-preview:large, max-video-preview:-1\" \/>\n<link rel=\"canonical\" href=\"https:\/\/www.ogun.com.br\/en\/os-sistemas-divinatorios-das-tradicoes-de-matriz-africana\/\" \/>\n<meta property=\"og:locale\" content=\"en_US\" \/>\n<meta property=\"og:type\" content=\"article\" \/>\n<meta property=\"og:title\" content=\"Os Sistemas Divinat\u00f3rios das Tradi\u00e7\u00f5es de Matriz Africana - Nkosi &amp; Ogun\" \/>\n<meta property=\"og:description\" content=\"Os Sistemas Divinat\u00f3rios das Tradi\u00e7\u00f5es de Matriz Africana Os mecanismos divinat\u00f3rios constituem uma das dimens\u00f5es mais importantes e complexas das tradi\u00e7\u00f5es religiosas de matriz africana. Estes sistemas oraculares servem como ponte entre o mundo material e o espiritual, oferecendo orienta\u00e7\u00e3o, diagn\u00f3stico e prescri\u00e7\u00f5es rituais para os consulentes. Fundamentos da Divina\u00e7\u00e3o Africana A divina\u00e7\u00e3o nas tradi\u00e7\u00f5es [&hellip;]\" \/>\n<meta property=\"og:url\" content=\"https:\/\/www.ogun.com.br\/en\/os-sistemas-divinatorios-das-tradicoes-de-matriz-africana\/\" \/>\n<meta property=\"og:site_name\" content=\"Nkosi &amp; Ogun\" \/>\n<meta property=\"article:publisher\" content=\"https:\/\/facebook.com\/Oryta.Egbe\" \/>\n<meta property=\"article:modified_time\" content=\"2025-08-19T13:31:08+00:00\" \/>\n<meta name=\"twitter:card\" content=\"summary_large_image\" \/>\n<meta name=\"twitter:site\" content=\"@OrytaEgbe\" \/>\n<meta name=\"twitter:label1\" content=\"Est. reading time\" \/>\n\t<meta name=\"twitter:data1\" content=\"2 minutes\" \/>\n<script type=\"application\/ld+json\" class=\"yoast-schema-graph\">{\"@context\":\"https:\/\/schema.org\",\"@graph\":[{\"@type\":\"WebPage\",\"@id\":\"https:\/\/www.ogun.com.br\/en\/os-sistemas-divinatorios-das-tradicoes-de-matriz-africana\/\",\"url\":\"https:\/\/www.ogun.com.br\/en\/os-sistemas-divinatorios-das-tradicoes-de-matriz-africana\/\",\"name\":\"Os Sistemas Divinat\u00f3rios das Tradi\u00e7\u00f5es de Matriz Africana - Nkosi &amp; Ogun\",\"isPartOf\":{\"@id\":\"https:\/\/www.ogun.com.br\/en\/#website\"},\"datePublished\":\"2025-08-19T13:30:49+00:00\",\"dateModified\":\"2025-08-19T13:31:08+00:00\",\"breadcrumb\":{\"@id\":\"https:\/\/www.ogun.com.br\/en\/os-sistemas-divinatorios-das-tradicoes-de-matriz-africana\/#breadcrumb\"},\"inLanguage\":\"en-US\",\"potentialAction\":[{\"@type\":\"ReadAction\",\"target\":[\"https:\/\/www.ogun.com.br\/en\/os-sistemas-divinatorios-das-tradicoes-de-matriz-africana\/\"]}]},{\"@type\":\"BreadcrumbList\",\"@id\":\"https:\/\/www.ogun.com.br\/en\/os-sistemas-divinatorios-das-tradicoes-de-matriz-africana\/#breadcrumb\",\"itemListElement\":[{\"@type\":\"ListItem\",\"position\":1,\"name\":\"In\u00edcio\",\"item\":\"https:\/\/www.ogun.com.br\/\"},{\"@type\":\"ListItem\",\"position\":2,\"name\":\"Os Sistemas Divinat\u00f3rios das Tradi\u00e7\u00f5es de Matriz Africana\"}]},{\"@type\":\"WebSite\",\"@id\":\"https:\/\/www.ogun.com.br\/en\/#website\",\"url\":\"https:\/\/www.ogun.com.br\/en\/\",\"name\":\"Nkosi & Ogun\",\"description\":\"Ogun ye mo ye!!!\",\"publisher\":{\"@id\":\"https:\/\/www.ogun.com.br\/en\/#organization\"},\"potentialAction\":[{\"@type\":\"SearchAction\",\"target\":{\"@type\":\"EntryPoint\",\"urlTemplate\":\"https:\/\/www.ogun.com.br\/en\/?s={search_term_string}\"},\"query-input\":{\"@type\":\"PropertyValueSpecification\",\"valueRequired\":true,\"valueName\":\"search_term_string\"}}],\"inLanguage\":\"en-US\"},{\"@type\":\"Organization\",\"@id\":\"https:\/\/www.ogun.com.br\/en\/#organization\",\"name\":\"Nkosi & Ogun\",\"url\":\"https:\/\/www.ogun.com.br\/en\/\",\"logo\":{\"@type\":\"ImageObject\",\"inLanguage\":\"en-US\",\"@id\":\"https:\/\/www.ogun.com.br\/en\/#\/schema\/logo\/image\/\",\"url\":\"https:\/\/www.ogun.com.br\/wp-content\/uploads\/2025\/07\/Logo_Oryta.webp\",\"contentUrl\":\"https:\/\/www.ogun.com.br\/wp-content\/uploads\/2025\/07\/Logo_Oryta.webp\",\"width\":289,\"height\":150,\"caption\":\"Nkosi & Ogun\"},\"image\":{\"@id\":\"https:\/\/www.ogun.com.br\/en\/#\/schema\/logo\/image\/\"},\"sameAs\":[\"https:\/\/facebook.com\/Oryta.Egbe\",\"https:\/\/x.com\/OrytaEgbe\",\"https:\/\/instagram.com\/oryta.egbe\",\"https:\/\/pinterest.com\/oryta\/\"]}]}<\/script>\n<!-- \/ Yoast SEO plugin. -->","yoast_head_json":{"title":"Os Sistemas Divinat\u00f3rios das Tradi\u00e7\u00f5es de Matriz Africana - Nkosi &amp; Ogun","robots":{"index":"index","follow":"follow","max-snippet":"max-snippet:-1","max-image-preview":"max-image-preview:large","max-video-preview":"max-video-preview:-1"},"canonical":"https:\/\/www.ogun.com.br\/en\/os-sistemas-divinatorios-das-tradicoes-de-matriz-africana\/","og_locale":"en_US","og_type":"article","og_title":"Os Sistemas Divinat\u00f3rios das Tradi\u00e7\u00f5es de Matriz Africana - Nkosi &amp; Ogun","og_description":"Os Sistemas Divinat\u00f3rios das Tradi\u00e7\u00f5es de Matriz Africana Os mecanismos divinat\u00f3rios constituem uma das dimens\u00f5es mais importantes e complexas das tradi\u00e7\u00f5es religiosas de matriz africana. Estes sistemas oraculares servem como ponte entre o mundo material e o espiritual, oferecendo orienta\u00e7\u00e3o, diagn\u00f3stico e prescri\u00e7\u00f5es rituais para os consulentes. Fundamentos da Divina\u00e7\u00e3o Africana A divina\u00e7\u00e3o nas tradi\u00e7\u00f5es [&hellip;]","og_url":"https:\/\/www.ogun.com.br\/en\/os-sistemas-divinatorios-das-tradicoes-de-matriz-africana\/","og_site_name":"Nkosi &amp; Ogun","article_publisher":"https:\/\/facebook.com\/Oryta.Egbe","article_modified_time":"2025-08-19T13:31:08+00:00","twitter_card":"summary_large_image","twitter_site":"@OrytaEgbe","twitter_misc":{"Est. reading time":"2 minutes"},"schema":{"@context":"https:\/\/schema.org","@graph":[{"@type":"WebPage","@id":"https:\/\/www.ogun.com.br\/en\/os-sistemas-divinatorios-das-tradicoes-de-matriz-africana\/","url":"https:\/\/www.ogun.com.br\/en\/os-sistemas-divinatorios-das-tradicoes-de-matriz-africana\/","name":"Os Sistemas Divinat\u00f3rios das Tradi\u00e7\u00f5es de Matriz Africana - Nkosi &amp; Ogun","isPartOf":{"@id":"https:\/\/www.ogun.com.br\/en\/#website"},"datePublished":"2025-08-19T13:30:49+00:00","dateModified":"2025-08-19T13:31:08+00:00","breadcrumb":{"@id":"https:\/\/www.ogun.com.br\/en\/os-sistemas-divinatorios-das-tradicoes-de-matriz-africana\/#breadcrumb"},"inLanguage":"en-US","potentialAction":[{"@type":"ReadAction","target":["https:\/\/www.ogun.com.br\/en\/os-sistemas-divinatorios-das-tradicoes-de-matriz-africana\/"]}]},{"@type":"BreadcrumbList","@id":"https:\/\/www.ogun.com.br\/en\/os-sistemas-divinatorios-das-tradicoes-de-matriz-africana\/#breadcrumb","itemListElement":[{"@type":"ListItem","position":1,"name":"In\u00edcio","item":"https:\/\/www.ogun.com.br\/"},{"@type":"ListItem","position":2,"name":"Os Sistemas Divinat\u00f3rios das Tradi\u00e7\u00f5es de Matriz Africana"}]},{"@type":"WebSite","@id":"https:\/\/www.ogun.com.br\/en\/#website","url":"https:\/\/www.ogun.com.br\/en\/","name":"Nkosi &amp; Ogun","description":"Ogun ye mo ye!!!","publisher":{"@id":"https:\/\/www.ogun.com.br\/en\/#organization"},"potentialAction":[{"@type":"SearchAction","target":{"@type":"EntryPoint","urlTemplate":"https:\/\/www.ogun.com.br\/en\/?s={search_term_string}"},"query-input":{"@type":"PropertyValueSpecification","valueRequired":true,"valueName":"search_term_string"}}],"inLanguage":"en-US"},{"@type":"Organization","@id":"https:\/\/www.ogun.com.br\/en\/#organization","name":"Nkosi &amp; Ogun","url":"https:\/\/www.ogun.com.br\/en\/","logo":{"@type":"ImageObject","inLanguage":"en-US","@id":"https:\/\/www.ogun.com.br\/en\/#\/schema\/logo\/image\/","url":"https:\/\/www.ogun.com.br\/wp-content\/uploads\/2025\/07\/Logo_Oryta.webp","contentUrl":"https:\/\/www.ogun.com.br\/wp-content\/uploads\/2025\/07\/Logo_Oryta.webp","width":289,"height":150,"caption":"Nkosi & Ogun"},"image":{"@id":"https:\/\/www.ogun.com.br\/en\/#\/schema\/logo\/image\/"},"sameAs":["https:\/\/facebook.com\/Oryta.Egbe","https:\/\/x.com\/OrytaEgbe","https:\/\/instagram.com\/oryta.egbe","https:\/\/pinterest.com\/oryta\/"]}]}},"_links":{"self":[{"href":"https:\/\/www.ogun.com.br\/en\/wp-json\/wp\/v2\/pages\/6925","targetHints":{"allow":["GET"]}}],"collection":[{"href":"https:\/\/www.ogun.com.br\/en\/wp-json\/wp\/v2\/pages"}],"about":[{"href":"https:\/\/www.ogun.com.br\/en\/wp-json\/wp\/v2\/types\/page"}],"author":[{"embeddable":true,"href":"https:\/\/www.ogun.com.br\/en\/wp-json\/wp\/v2\/users\/1"}],"replies":[{"embeddable":true,"href":"https:\/\/www.ogun.com.br\/en\/wp-json\/wp\/v2\/comments?post=6925"}],"version-history":[{"count":7,"href":"https:\/\/www.ogun.com.br\/en\/wp-json\/wp\/v2\/pages\/6925\/revisions"}],"predecessor-version":[{"id":6932,"href":"https:\/\/www.ogun.com.br\/en\/wp-json\/wp\/v2\/pages\/6925\/revisions\/6932"}],"wp:attachment":[{"href":"https:\/\/www.ogun.com.br\/en\/wp-json\/wp\/v2\/media?parent=6925"}],"curies":[{"name":"wp","href":"https:\/\/api.w.org\/{rel}","templated":true}]}}